{"id":14772,"date":"2024-10-01T17:15:03","date_gmt":"2024-10-01T15:15:03","guid":{"rendered":"https:\/\/daewooproducts.hu\/o-firme\/"},"modified":"2025-06-26T16:34:01","modified_gmt":"2025-06-26T14:34:01","slug":"o-firme","status":"publish","type":"page","link":"https:\/\/daewooproducts.hu\/cs\/o-firme\/","title":{"rendered":"O firm\u011b"},"content":{"rendered":"\t\t<div data-elementor-type=\"wp-page\" data-elementor-id=\"14772\" class=\"elementor elementor-14772 elementor-1904\" data-elementor-post-type=\"page\">\n\t\t\t\t\t\t<section class=\"elementor-section elementor-top-section elementor-element elementor-element-9fab2b8 elementor-section-stretched elementor-section-boxed elementor-section-height-default elementor-section-height-default\" data-id=\"9fab2b8\" data-element_type=\"section\" data-settings=\"{&quot;stretch_section&quot;:&quot;section-stretched&quot;,&quot;background_background&quot;:&quot;classic&quot;}\">\n\t\t\t\t\t\t<div class=\"elementor-container elementor-column-gap-wider\">\n\t\t\t\t\t<div class=\"elementor-column elementor-col-100 elementor-top-column elementor-element elementor-element-f761215\" data-id=\"f761215\" data-element_type=\"column\">\n\t\t\t<div class=\"elementor-widget-wrap elementor-element-populated\">\n\t\t\t\t\t\t<section class=\"elementor-section elementor-inner-section elementor-element elementor-element-af54a28 elementor-section-boxed elementor-section-height-default elementor-section-height-default\" data-id=\"af54a28\" data-element_type=\"section\">\n\t\t\t\t\t\t<div class=\"elementor-container elementor-column-gap-default\">\n\t\t\t\t\t<div class=\"elementor-column elementor-col-20 elementor-inner-column elementor-element elementor-element-c3ca299\" data-id=\"c3ca299\" data-element_type=\"column\">\n\t\t\t<div class=\"elementor-widget-wrap elementor-element-populated\">\n\t\t\t\t\t\t<div class=\"elementor-element elementor-element-910065b elementor-position-top elementor-widget elementor-widget-image-box\" data-id=\"910065b\" data-element_type=\"widget\" data-widget_type=\"image-box.default\">\n\t\t\t\t<div class=\"elementor-widget-container\">\n\t\t\t\t\t<div class=\"elementor-image-box-wrapper\"><figure class=\"elementor-image-box-img\"><a href=\"https:\/\/daewooproducts.hu\/a-cegrol\/\" tabindex=\"-1\"><img decoding=\"async\" width=\"150\" height=\"150\" src=\"https:\/\/daewooproducts.hu\/wp-content\/uploads\/2024\/10\/about-pic.png\" class=\"attachment-full size-full wp-image-1865\" alt=\"\" srcset=\"https:\/\/daewooproducts.hu\/wp-content\/uploads\/2024\/10\/about-pic.png 150w, https:\/\/daewooproducts.hu\/wp-content\/uploads\/2024\/10\/about-pic-75x75.png 75w\" sizes=\"(max-width:767px) 150px, 150px\" \/><\/a><\/figure><div class=\"elementor-image-box-content\"><h6 class=\"elementor-image-box-title\"><a href=\"https:\/\/daewooproducts.hu\/a-cegrol\/\">O firm\u011b<\/a><\/h6><\/div><\/div>\t\t\t\t<\/div>\n\t\t\t\t<\/div>\n\t\t\t\t\t<\/div>\n\t\t<\/div>\n\t\t\t\t<div class=\"elementor-column elementor-col-20 elementor-inner-column elementor-element elementor-element-07241cf\" data-id=\"07241cf\" data-element_type=\"column\">\n\t\t\t<div class=\"elementor-widget-wrap elementor-element-populated\">\n\t\t\t\t\t\t<div class=\"elementor-element elementor-element-75522b3 elementor-position-top elementor-widget elementor-widget-image-box\" data-id=\"75522b3\" data-element_type=\"widget\" data-widget_type=\"image-box.default\">\n\t\t\t\t<div class=\"elementor-widget-container\">\n\t\t\t\t\t<div class=\"elementor-image-box-wrapper\"><figure class=\"elementor-image-box-img\"><a href=\"https:\/\/daewooproducts.hu\/vallalati-celok\/\" tabindex=\"-1\"><img decoding=\"async\" width=\"150\" height=\"150\" src=\"https:\/\/daewooproducts.hu\/wp-content\/uploads\/2024\/10\/target.png\" class=\"attachment-full size-full wp-image-1869\" alt=\"\" srcset=\"https:\/\/daewooproducts.hu\/wp-content\/uploads\/2024\/10\/target.png 150w, https:\/\/daewooproducts.hu\/wp-content\/uploads\/2024\/10\/target-75x75.png 75w\" sizes=\"(max-width:767px) 150px, 150px\" \/><\/a><\/figure><div class=\"elementor-image-box-content\"><h6 class=\"elementor-image-box-title\"><a href=\"https:\/\/daewooproducts.hu\/vallalati-celok\/\">V\u00e1llalati c\u00e9lok<\/a><\/h6><\/div><\/div>\t\t\t\t<\/div>\n\t\t\t\t<\/div>\n\t\t\t\t\t<\/div>\n\t\t<\/div>\n\t\t\t\t<div class=\"elementor-column elementor-col-20 elementor-inner-column elementor-element elementor-element-6165185\" data-id=\"6165185\" data-element_type=\"column\">\n\t\t\t<div class=\"elementor-widget-wrap elementor-element-populated\">\n\t\t\t\t\t\t<div class=\"elementor-element elementor-element-abaf2ff elementor-position-top elementor-widget elementor-widget-image-box\" data-id=\"abaf2ff\" data-element_type=\"widget\" data-widget_type=\"image-box.default\">\n\t\t\t\t<div class=\"elementor-widget-container\">\n\t\t\t\t\t<div class=\"elementor-image-box-wrapper\"><figure class=\"elementor-image-box-img\"><a href=\"https:\/\/daewooproducts.hu\/daewoo-europaban\/\" tabindex=\"-1\"><img decoding=\"async\" width=\"150\" height=\"150\" src=\"https:\/\/daewooproducts.hu\/wp-content\/uploads\/2024\/10\/europe-pic.png\" class=\"attachment-full size-full wp-image-1866\" alt=\"\" srcset=\"https:\/\/daewooproducts.hu\/wp-content\/uploads\/2024\/10\/europe-pic.png 150w, https:\/\/daewooproducts.hu\/wp-content\/uploads\/2024\/10\/europe-pic-75x75.png 75w\" sizes=\"(max-width:767px) 150px, 150px\" \/><\/a><\/figure><div class=\"elementor-image-box-content\"><h6 class=\"elementor-image-box-title\"><a href=\"https:\/\/daewooproducts.hu\/daewoo-europaban\/\">Daewoo Eur\u00f3p\u00e1ban<\/a><\/h6><\/div><\/div>\t\t\t\t<\/div>\n\t\t\t\t<\/div>\n\t\t\t\t\t<\/div>\n\t\t<\/div>\n\t\t\t\t<div class=\"elementor-column elementor-col-20 elementor-inner-column elementor-element elementor-element-1393a07\" data-id=\"1393a07\" data-element_type=\"column\">\n\t\t\t<div class=\"elementor-widget-wrap elementor-element-populated\">\n\t\t\t\t\t\t<div class=\"elementor-element elementor-element-fe9be86 elementor-position-top elementor-widget elementor-widget-image-box\" data-id=\"fe9be86\" data-element_type=\"widget\" data-widget_type=\"image-box.default\">\n\t\t\t\t<div class=\"elementor-widget-container\">\n\t\t\t\t\t<div class=\"elementor-image-box-wrapper\"><figure class=\"elementor-image-box-img\"><a href=\"https:\/\/daewooproducts.hu\/hirek\/\" tabindex=\"-1\"><img loading=\"lazy\" decoding=\"async\" width=\"150\" height=\"150\" src=\"https:\/\/daewooproducts.hu\/wp-content\/uploads\/2024\/10\/news.png\" class=\"attachment-full size-full wp-image-1868\" alt=\"\" srcset=\"https:\/\/daewooproducts.hu\/wp-content\/uploads\/2024\/10\/news.png 150w, https:\/\/daewooproducts.hu\/wp-content\/uploads\/2024\/10\/news-75x75.png 75w\" sizes=\"(max-width:767px) 150px, 150px\" \/><\/a><\/figure><div class=\"elementor-image-box-content\"><h6 class=\"elementor-image-box-title\"><a href=\"https:\/\/daewooproducts.hu\/hirek\/\">H\u00edrek<\/a><\/h6><\/div><\/div>\t\t\t\t<\/div>\n\t\t\t\t<\/div>\n\t\t\t\t\t<\/div>\n\t\t<\/div>\n\t\t\t\t<div class=\"elementor-column elementor-col-20 elementor-inner-column elementor-element elementor-element-4154bea\" data-id=\"4154bea\" data-element_type=\"column\">\n\t\t\t<div class=\"elementor-widget-wrap elementor-element-populated\">\n\t\t\t\t\t\t<div class=\"elementor-element elementor-element-b3094e3 elementor-position-top elementor-widget elementor-widget-image-box\" data-id=\"b3094e3\" data-element_type=\"widget\" data-widget_type=\"image-box.default\">\n\t\t\t\t<div class=\"elementor-widget-container\">\n\t\t\t\t\t<div class=\"elementor-image-box-wrapper\"><figure class=\"elementor-image-box-img\"><a href=\"https:\/\/daewooproducts.hu\/allas\/\" tabindex=\"-1\"><img loading=\"lazy\" decoding=\"async\" width=\"150\" height=\"150\" src=\"https:\/\/daewooproducts.hu\/wp-content\/uploads\/2024\/10\/job.png\" class=\"attachment-full size-full wp-image-1867\" alt=\"\" srcset=\"https:\/\/daewooproducts.hu\/wp-content\/uploads\/2024\/10\/job.png 150w, https:\/\/daewooproducts.hu\/wp-content\/uploads\/2024\/10\/job-75x75.png 75w\" sizes=\"(max-width:767px) 150px, 150px\" \/><\/a><\/figure><div class=\"elementor-image-box-content\"><h6 class=\"elementor-image-box-title\"><a href=\"https:\/\/daewooproducts.hu\/allas\/\">\u00c1ll\u00e1s<\/a><\/h6><\/div><\/div>\t\t\t\t<\/div>\n\t\t\t\t<\/div>\n\t\t\t\t\t<\/div>\n\t\t<\/div>\n\t\t\t\t\t<\/div>\n\t\t<\/section>\n\t\t\t\t\t<\/div>\n\t\t<\/div>\n\t\t\t\t\t<\/div>\n\t\t<\/section>\n\t\t<div class=\"elementor-element elementor-element-af39b87 e-flex e-con-boxed e-con e-parent\" data-id=\"af39b87\" data-element_type=\"container\">\n\t\t\t\t\t<div class=\"e-con-inner\">\n\t\t\t\t<div class=\"elementor-element elementor-element-4e3d9ec elementor-widget elementor-widget-heading\" data-id=\"4e3d9ec\" data-element_type=\"widget\" data-widget_type=\"heading.default\">\n\t\t\t\t<div class=\"elementor-widget-container\">\n\t\t\t\t\t<h2 class=\"elementor-heading-title elementor-size-default\">A c\u00e9gr\u0151l<\/h2>\t\t\t\t<\/div>\n\t\t\t\t<\/div>\n\t\t\t\t\t<\/div>\n\t\t\t\t<\/div>\n\t\t<div class=\"elementor-element elementor-element-f477359 e-flex e-con-boxed e-con e-parent\" data-id=\"f477359\" data-element_type=\"container\">\n\t\t\t\t\t<div class=\"e-con-inner\">\n\t\t\t\t<div class=\"elementor-element elementor-element-4da7eb7 elementor-widget elementor-widget-mfn_timeline\" data-id=\"4da7eb7\" data-element_type=\"widget\" data-widget_type=\"mfn_timeline.default\">\n\t\t\t\t<div class=\"elementor-widget-container\">\n\t\t\t\t\t<ul class=\"timeline_items\"><li><h3><span>1967<\/span>Kezdetek<\/h3><div class=\"desc\"><p><img loading=\"lazy\" decoding=\"async\" class=\"alignnone size-full wp-image-1878\" src=\"https:\/\/daewooproducts.hu\/wp-content\/uploads\/2024\/10\/chronology-1.png\" alt=\"\" width=\"120\" height=\"120\" srcset=\"https:\/\/daewooproducts.hu\/wp-content\/uploads\/2024\/10\/chronology-1.png 120w, https:\/\/daewooproducts.hu\/wp-content\/uploads\/2024\/10\/chronology-1-75x75.png 75w\" sizes=\"(max-width:767px) 120px, 120px\" \/><\/p>\n<p>A DAEWOO Industry megalap\u00edt\u00e1sa. Vezet\u0151 szerepet v\u00e1llalt D\u00e9l-Korea gazdas\u00e1gi n\u00f6veked\u00e9s\u00e9ben, \u00e9s a cs\u00facstechnol\u00f3giai piac gy\u00e1rt\u00e1si \u00e9s eloszt\u00e1si szegmens\u00e9ben vezet\u0151 szerepet t\u00f6lt\u00f6tt be.<\/p>\n<\/div><\/li><li><h3><span>1974<\/span>A DAEWOO v\u00e9djegye<\/h3><div class=\"desc\"><p><img loading=\"lazy\" decoding=\"async\" class=\"alignnone size-full wp-image-1879\" src=\"https:\/\/daewooproducts.hu\/wp-content\/uploads\/2024\/10\/chronology-2.png\" alt=\"\" width=\"125\" height=\"125\" srcset=\"https:\/\/daewooproducts.hu\/wp-content\/uploads\/2024\/10\/chronology-2.png 125w, https:\/\/daewooproducts.hu\/wp-content\/uploads\/2024\/10\/chronology-2-75x75.png 75w\" sizes=\"(max-width:767px) 125px, 125px\" \/><\/p>\n<p>A DAEWOO v\u00e9djegy hivatalosan bejegyzett Kore\u00e1ban. Megtervezt\u00e9k a h\u00edres c\u00e9glog\u00f3t. 5 h\u00e9zagokkal ell\u00e1tott cs\u00edkb\u00f3l \u00e1ll, ami 5 \u00f3ce\u00e1nt \u00e9s 6 kontinenst jelent, ami az egys\u00e9ges vil\u00e1g megteremt\u00e9s\u00e9nek v\u00e1gy\u00e1t \u00e9s annak fejl\u0151d\u00e9s\u00e9t szimboliz\u00e1lja. A c\u00e9g neve \u2013 DAEWOO \u2013 k\u00e9t hieroglifa kombin\u00e1ci\u00f3ja, amelyek jelent\u00e9se \u201enagy univerzum\u201d.<\/p>\n<\/div><\/li><li><h3><span>1982<\/span>DAEWOO Corporation<\/h3><div class=\"desc\"><p><img loading=\"lazy\" decoding=\"async\" class=\"alignnone size-full wp-image-1880\" src=\"https:\/\/daewooproducts.hu\/wp-content\/uploads\/2024\/10\/chronology-3.png\" alt=\"\" width=\"118\" height=\"118\" srcset=\"https:\/\/daewooproducts.hu\/wp-content\/uploads\/2024\/10\/chronology-3.png 118w, https:\/\/daewooproducts.hu\/wp-content\/uploads\/2024\/10\/chronology-3-75x75.png 75w\" sizes=\"(max-width:767px) 118px, 118px\" \/><\/p>\n<p>A DAEWOO Industry neve DAEWOO Corporation lett. \u00daj n\u00e9ven \u00faj projekteket kezdett kidolgozni, \u00e9s bel\u00e9pett a nemzetk\u00f6zi piacokra.<\/p>\n<\/div><\/li><li><h3><span>2000<\/span>DAEWOO International Corporation<\/h3><div class=\"desc\"><p><img loading=\"lazy\" decoding=\"async\" class=\"alignnone size-full wp-image-1881\" src=\"https:\/\/daewooproducts.hu\/wp-content\/uploads\/2024\/10\/chronology-4.png\" alt=\"\" width=\"117\" height=\"117\" srcset=\"https:\/\/daewooproducts.hu\/wp-content\/uploads\/2024\/10\/chronology-4.png 117w, https:\/\/daewooproducts.hu\/wp-content\/uploads\/2024\/10\/chronology-4-75x75.png 75w\" sizes=\"(max-width:767px) 117px, 117px\" \/><\/p>\n<p>2000 december\u00e9ben a DAEWOO International Corporation f\u00fcggetlen szervezett\u00e9 v\u00e1lt a v\u00e1llalati strukt\u00far\u00e1b\u00f3l. Szakter\u00fclete kereskedelem, projektmenedzsment, nemzetk\u00f6zi piackutat\u00e1s.<\/p>\n<\/div><\/li><li><h3><span>2010<\/span>POSCO Group r\u00e9sze lett<\/h3><div class=\"desc\"><p><img loading=\"lazy\" decoding=\"async\" class=\"alignnone size-full wp-image-1882\" src=\"https:\/\/daewooproducts.hu\/wp-content\/uploads\/2024\/10\/chronology-5.png\" alt=\"\" width=\"117\" height=\"117\" srcset=\"https:\/\/daewooproducts.hu\/wp-content\/uploads\/2024\/10\/chronology-5.png 117w, https:\/\/daewooproducts.hu\/wp-content\/uploads\/2024\/10\/chronology-5-75x75.png 75w\" sizes=\"(max-width:767px) 117px, 117px\" \/><\/p>\n<p>A DAEWOO International Corporation vezet\u0151 poz\u00edci\u00f3kat szerzett a vil\u00e1ggazdas\u00e1g koh\u00e1szati, vegyipari \u00e9s kutat\u00e1si szektor\u00e1ban. A c\u00e9g a legnagyobb koh\u00e1szati \u200b\u200bv\u00e1llalat, a POSCO Group r\u00e9sze lett. Ugyanebben az \u00e9vben megkezd\u0151d\u00f6tt a munka a bark\u00e1cs fogyaszt\u00e1si cikkek \u00faj piac\u00e1val - elektromos \u00e9s kerti felszerel\u00e9sekkel.<\/p>\n<\/div><\/li><li><h3><span>2013 - 2014<\/span>Az els\u0151 bark\u00e1csterm\u00e9kek<\/h3><div class=\"desc\"><p><img loading=\"lazy\" decoding=\"async\" class=\"alignnone size-full wp-image-1883\" src=\"https:\/\/daewooproducts.hu\/wp-content\/uploads\/2024\/10\/chronology-6.png\" alt=\"\" width=\"118\" height=\"118\" srcset=\"https:\/\/daewooproducts.hu\/wp-content\/uploads\/2024\/10\/chronology-6.png 118w, https:\/\/daewooproducts.hu\/wp-content\/uploads\/2024\/10\/chronology-6-75x75.png 75w\" sizes=\"(max-width:767px) 118px, 118px\" \/><\/p>\n<p>Az els\u0151 bark\u00e1csterm\u00e9kek piacra dob\u00e1sa a DAEWOO m\u00e1rkan\u00e9v alatt, amely pozit\u00edv \u00e9rt\u00e9kel\u00e9seket kapott a szak\u00e9rt\u0151kt\u0151l \u00e9s a fogyaszt\u00f3kt\u00f3l. Bark\u00e1cs\u00e1ruk bel\u00e9p\u00e9se az orosz piacra.<\/p>\n<\/div><\/li><li><h3><span>2017 - jelen<\/span>DAEWOO Corporation 45 \u00e9ve<\/h3><div class=\"desc\"><p><img loading=\"lazy\" decoding=\"async\" class=\"alignnone size-full wp-image-1884\" src=\"https:\/\/daewooproducts.hu\/wp-content\/uploads\/2024\/10\/chronology-7.png\" alt=\"\" width=\"116\" height=\"116\" srcset=\"https:\/\/daewooproducts.hu\/wp-content\/uploads\/2024\/10\/chronology-7.png 116w, https:\/\/daewooproducts.hu\/wp-content\/uploads\/2024\/10\/chronology-7-75x75.png 75w\" sizes=\"(max-width:767px) 116px, 116px\" \/><\/p>\n<p>A DAEWOO Corporation t\u00f6bb mint 45 \u00e9ve akt\u00edvan fejleszt, b\u0151v\u00edti term\u00e9kpalett\u00e1j\u00e1t, \u00e9s megb\u00edzhat\u00f3 partnere sz\u00e1mos v\u00e1llalatnak a nemzetk\u00f6zi piacon.<\/p>\n<\/div><\/li><\/ul>\n\t\t\t\t<\/div>\n\t\t\t\t<\/div>\n\t\t\t\t\t<\/div>\n\t\t\t\t<\/div>\n\t\t\t\t<\/div>\n\t\t","protected":false},"excerpt":{"rendered":"<p>O firm\u011b V\u00e1llalati c\u00e9lok Daewoo Eur\u00f3p\u00e1ban H\u00edrek \u00c1ll\u00e1s A c\u00e9gr\u0151l 1967Kezdetek A DAEWOO Industry megalap\u00edt\u00e1sa. Vezet\u0151 szerepet v\u00e1llalt D\u00e9l-Korea gazdas\u00e1gi n\u00f6veked\u00e9s\u00e9ben, \u00e9s a cs\u00facstechnol\u00f3giai piac gy\u00e1rt\u00e1si<span class=\"excerpt-hellip\"> [\u2026]<\/span><\/p>\n","protected":false},"author":1,"featured_media":0,"parent":0,"menu_order":0,"comment_status":"open","ping_status":"closed","template":"","meta":{"footnotes":""},"class_list":["post-14772","page","type-page","status-publish","hentry"],"_links":{"self":[{"href":"https:\/\/daewooproducts.hu\/cs\/wp-json\/wp\/v2\/pages\/14772","targetHints":{"allow":["GET"]}}],"collection":[{"href":"https:\/\/daewooproducts.hu\/cs\/wp-json\/wp\/v2\/pages"}],"about":[{"href":"https:\/\/daewooproducts.hu\/cs\/wp-json\/wp\/v2\/types\/page"}],"author":[{"embeddable":true,"href":"https:\/\/daewooproducts.hu\/cs\/wp-json\/wp\/v2\/users\/1"}],"replies":[{"embeddable":true,"href":"https:\/\/daewooproducts.hu\/cs\/wp-json\/wp\/v2\/comments?post=14772"}],"version-history":[{"count":1,"href":"https:\/\/daewooproducts.hu\/cs\/wp-json\/wp\/v2\/pages\/14772\/revisions"}],"predecessor-version":[{"id":14773,"href":"https:\/\/daewooproducts.hu\/cs\/wp-json\/wp\/v2\/pages\/14772\/revisions\/14773"}],"wp:attachment":[{"href":"https:\/\/daewooproducts.hu\/cs\/wp-json\/wp\/v2\/media?parent=14772"}],"curies":[{"name":"wp","href":"https:\/\/api.w.org\/{rel}","templated":true}]}}