{"id":14797,"date":"2025-02-14T02:06:37","date_gmt":"2025-02-14T01:06:37","guid":{"rendered":"https:\/\/daewooproducts.hu\/behem-udrzby\/"},"modified":"2025-06-26T17:21:28","modified_gmt":"2025-06-26T15:21:28","slug":"behem-udrzby","status":"publish","type":"page","link":"https:\/\/daewooproducts.hu\/cs\/behem-udrzby\/","title":{"rendered":"B\u011bhem \u00fadr\u017eby"},"content":{"rendered":"\t\t<div data-elementor-type=\"wp-page\" data-elementor-id=\"14797\" class=\"elementor elementor-14797 elementor-4249\" data-elementor-post-type=\"page\">\n\t\t\t\t<div class=\"elementor-element elementor-element-09ce2e6 e-flex e-con-boxed e-con e-parent\" data-id=\"09ce2e6\" data-element_type=\"container\">\n\t\t\t\t\t<div class=\"e-con-inner\">\n\t\t\t\t<div class=\"elementor-element elementor-element-70ef9e1 elementor-widget elementor-widget-image\" data-id=\"70ef9e1\" data-element_type=\"widget\" data-widget_type=\"image.default\">\n\t\t\t\t<div class=\"elementor-widget-container\">\n\t\t\t\t\t\t\t\t\t\t\t\t\t\t\t<img fetchpriority=\"high\" decoding=\"async\" width=\"640\" height=\"480\" src=\"https:\/\/daewooproducts.hu\/wp-content\/uploads\/2025\/02\/fejlesztes.jpg\" class=\"attachment-large size-large wp-image-12328\" alt=\"\" srcset=\"https:\/\/daewooproducts.hu\/wp-content\/uploads\/2025\/02\/fejlesztes.jpg 640w, https:\/\/daewooproducts.hu\/wp-content\/uploads\/2025\/02\/fejlesztes-500x375.jpg 500w, https:\/\/daewooproducts.hu\/wp-content\/uploads\/2025\/02\/fejlesztes-300x225.jpg 300w, https:\/\/daewooproducts.hu\/wp-content\/uploads\/2025\/02\/fejlesztes-100x75.jpg 100w, https:\/\/daewooproducts.hu\/wp-content\/uploads\/2025\/02\/fejlesztes-480x360.jpg 480w\" sizes=\"(max-width:767px) 480px, 640px\" \/>\t\t\t\t\t\t\t\t\t\t\t\t\t\t\t<\/div>\n\t\t\t\t<\/div>\n\t\t\t\t\t<\/div>\n\t\t\t\t<\/div>\n\t\t\t\t<\/div>\n\t\t","protected":false},"excerpt":{"rendered":"","protected":false},"author":1,"featured_media":0,"parent":0,"menu_order":0,"comment_status":"open","ping_status":"closed","template":"","meta":{"footnotes":""},"class_list":["post-14797","page","type-page","status-publish","hentry"],"_links":{"self":[{"href":"https:\/\/daewooproducts.hu\/cs\/wp-json\/wp\/v2\/pages\/14797","targetHints":{"allow":["GET"]}}],"collection":[{"href":"https:\/\/daewooproducts.hu\/cs\/wp-json\/wp\/v2\/pages"}],"about":[{"href":"https:\/\/daewooproducts.hu\/cs\/wp-json\/wp\/v2\/types\/page"}],"author":[{"embeddable":true,"href":"https:\/\/daewooproducts.hu\/cs\/wp-json\/wp\/v2\/users\/1"}],"replies":[{"embeddable":true,"href":"https:\/\/daewooproducts.hu\/cs\/wp-json\/wp\/v2\/comments?post=14797"}],"version-history":[{"count":1,"href":"https:\/\/daewooproducts.hu\/cs\/wp-json\/wp\/v2\/pages\/14797\/revisions"}],"predecessor-version":[{"id":14798,"href":"https:\/\/daewooproducts.hu\/cs\/wp-json\/wp\/v2\/pages\/14797\/revisions\/14798"}],"wp:attachment":[{"href":"https:\/\/daewooproducts.hu\/cs\/wp-json\/wp\/v2\/media?parent=14797"}],"curies":[{"name":"wp","href":"https:\/\/api.w.org\/{rel}","templated":true}]}}