{"id":14808,"date":"2025-02-25T11:11:05","date_gmt":"2025-02-25T10:11:05","guid":{"rendered":"https:\/\/daewooproducts.hu\/servis\/"},"modified":"2025-06-26T18:00:54","modified_gmt":"2025-06-26T16:00:54","slug":"servis","status":"publish","type":"page","link":"https:\/\/daewooproducts.hu\/cs\/servis\/","title":{"rendered":"Servis"},"content":{"rendered":"\t\t<div data-elementor-type=\"wp-page\" data-elementor-id=\"14808\" class=\"elementor elementor-14808 elementor-4285\" data-elementor-post-type=\"page\">\n\t\t\t\t<div class=\"elementor-element elementor-element-af39b87 e-flex e-con-boxed e-con e-parent\" data-id=\"af39b87\" data-element_type=\"container\">\n\t\t\t\t\t<div class=\"e-con-inner\">\n\t\t\t\t<div class=\"elementor-element elementor-element-4e3d9ec elementor-widget elementor-widget-heading\" data-id=\"4e3d9ec\" data-element_type=\"widget\" data-widget_type=\"heading.default\">\n\t\t\t\t<div class=\"elementor-widget-container\">\n\t\t\t\t\t<h2 class=\"elementor-heading-title elementor-size-default\">Servisn\u00ed st\u0159edisko<\/h2>\t\t\t\t<\/div>\n\t\t\t\t<\/div>\n\t\t\t\t\t<\/div>\n\t\t\t\t<\/div>\n\t\t\t\t<section class=\"elementor-section elementor-top-section elementor-element elementor-element-559c48b9 elementor-section-stretched elementor-section-boxed elementor-section-height-default elementor-section-height-default\" data-id=\"559c48b9\" data-element_type=\"section\" data-settings=\"{&quot;stretch_section&quot;:&quot;section-stretched&quot;}\">\n\t\t\t\t\t\t<div class=\"elementor-container elementor-column-gap-wider\">\n\t\t\t\t\t<div class=\"elementor-column elementor-col-100 elementor-top-column elementor-element elementor-element-661d3e92\" data-id=\"661d3e92\" data-element_type=\"column\">\n\t\t\t<div class=\"elementor-widget-wrap elementor-element-populated\">\n\t\t\t\t\t\t<section class=\"elementor-section elementor-inner-section elementor-element elementor-element-550d46c3 elementor-section-boxed elementor-section-height-default elementor-section-height-default\" data-id=\"550d46c3\" data-element_type=\"section\">\n\t\t\t\t\t\t<div class=\"elementor-container elementor-column-gap-default\">\n\t\t\t\t\t<div class=\"elementor-column elementor-col-100 elementor-inner-column elementor-element elementor-element-7b9f5848\" data-id=\"7b9f5848\" data-element_type=\"column\">\n\t\t\t<div class=\"elementor-widget-wrap elementor-element-populated\">\n\t\t\t\t\t\t<div class=\"elementor-element elementor-element-7756635 elementor-widget elementor-widget-image\" data-id=\"7756635\" data-element_type=\"widget\" data-widget_type=\"image.default\">\n\t\t\t\t<div class=\"elementor-widget-container\">\n\t\t\t\t\t\t\t\t\t\t\t\t\t\t\t<img decoding=\"async\" width=\"190\" height=\"73\" src=\"https:\/\/daewooproducts.hu\/wp-content\/uploads\/2025\/02\/fixitpl.jpg\" class=\"attachment-large size-large wp-image-12352\" alt=\"\" srcset=\"https:\/\/daewooproducts.hu\/wp-content\/uploads\/2025\/02\/fixitpl.jpg 190w, https:\/\/daewooproducts.hu\/wp-content\/uploads\/2025\/02\/fixitpl-150x58.jpg 150w\" sizes=\"(max-width:767px) 190px, 190px\" \/>\t\t\t\t\t\t\t\t\t\t\t\t\t\t\t<\/div>\n\t\t\t\t<\/div>\n\t\t\t\t\t<\/div>\n\t\t<\/div>\n\t\t\t\t\t<\/div>\n\t\t<\/section>\n\t\t\t\t<section class=\"elementor-section elementor-inner-section elementor-element elementor-element-530dca7d elementor-section-boxed elementor-section-height-default elementor-section-height-default\" data-id=\"530dca7d\" data-element_type=\"section\">\n\t\t\t\t\t\t<div class=\"elementor-container elementor-column-gap-default\">\n\t\t\t\t\t<div class=\"elementor-column elementor-col-100 elementor-inner-column elementor-element elementor-element-3dad689d\" data-id=\"3dad689d\" data-element_type=\"column\">\n\t\t\t<div class=\"elementor-widget-wrap elementor-element-populated\">\n\t\t\t\t\t\t<div class=\"elementor-element elementor-element-202e8150 elementor-widget elementor-widget-text-editor\" data-id=\"202e8150\" data-element_type=\"widget\" data-widget_type=\"text-editor.default\">\n\t\t\t\t<div class=\"elementor-widget-container\">\n\t\t\t\t\t\t\t\t\t<h4><strong>OFICI\u00c1LN\u00cd SERVISN\u00cd PARTNER PRO PRODUKTY DAEWOO V MA\u010eARSKU<\/strong><\/h4>\n\t\t\t\t\t\t\t\t<\/div>\n\t\t\t\t<\/div>\n\t\t\t\t\t<\/div>\n\t\t<\/div>\n\t\t\t\t\t<\/div>\n\t\t<\/section>\n\t\t\t\t<section class=\"elementor-section elementor-inner-section elementor-element elementor-element-19280c95 elementor-section-boxed elementor-section-height-default elementor-section-height-default\" data-id=\"19280c95\" data-element_type=\"section\">\n\t\t\t\t\t\t<div class=\"elementor-container elementor-column-gap-default\">\n\t\t\t\t\t<div class=\"elementor-column elementor-col-50 elementor-inner-column elementor-element elementor-element-1961e4a\" data-id=\"1961e4a\" data-element_type=\"column\">\n\t\t\t<div class=\"elementor-widget-wrap elementor-element-populated\">\n\t\t\t\t\t\t<div class=\"elementor-element elementor-element-55336be elementor-position-top elementor-widget elementor-widget-image-box\" data-id=\"55336be\" data-element_type=\"widget\" data-widget_type=\"image-box.default\">\n\t\t\t\t<div class=\"elementor-widget-container\">\n\t\t\t\t\t<div class=\"elementor-image-box-wrapper\"><figure class=\"elementor-image-box-img\"><img decoding=\"async\" src=\"https:\/\/daewooproducts.hu\/wp-content\/uploads\/2022\/08\/bethemestore2-about-pic3.svg\" title=\"\" alt=\"\" loading=\"lazy\" \/><\/figure><div class=\"elementor-image-box-content\"><h4 class=\"elementor-image-box-title\">Pobo\u010dka v Ma\u010farsku<\/h4><p class=\"elementor-image-box-description\">HU-3526 Miskolc, Zsolcai kapu 9-11 \/49.<\/p><\/div><\/div>\t\t\t\t<\/div>\n\t\t\t\t<\/div>\n\t\t\t\t\t<\/div>\n\t\t<\/div>\n\t\t\t\t<div class=\"elementor-column elementor-col-50 elementor-inner-column elementor-element elementor-element-396d3df8\" data-id=\"396d3df8\" data-element_type=\"column\">\n\t\t\t<div class=\"elementor-widget-wrap elementor-element-populated\">\n\t\t\t\t\t\t<div class=\"elementor-element elementor-element-77642227 elementor-position-top elementor-widget elementor-widget-image-box\" data-id=\"77642227\" data-element_type=\"widget\" data-widget_type=\"image-box.default\">\n\t\t\t\t<div class=\"elementor-widget-container\">\n\t\t\t\t\t<div class=\"elementor-image-box-wrapper\"><figure class=\"elementor-image-box-img\"><img decoding=\"async\" src=\"https:\/\/daewooproducts.hu\/wp-content\/uploads\/2022\/08\/bethemestore2-about-pic4.svg\" title=\"\" alt=\"\" loading=\"lazy\" \/><\/figure><div class=\"elementor-image-box-content\"><h4 class=\"elementor-image-box-title\">S\u00eddlo v Polsku<\/h4><p class=\"elementor-image-box-description\">30-864 Krak\u00f3w, ul. Nad Seraf\u0105 56A, Lengyelorsz\u00e1g<\/p><\/div><\/div>\t\t\t\t<\/div>\n\t\t\t\t<\/div>\n\t\t\t\t\t<\/div>\n\t\t<\/div>\n\t\t\t\t\t<\/div>\n\t\t<\/section>\n\t\t\t\t\t<\/div>\n\t\t<\/div>\n\t\t\t\t\t<\/div>\n\t\t<\/section>\n\t\t\t\t<section class=\"elementor-section elementor-top-section elementor-element elementor-element-e4b2fa4 elementor-section-stretched elementor-section-boxed elementor-section-height-default elementor-section-height-default\" data-id=\"e4b2fa4\" data-element_type=\"section\" data-settings=\"{&quot;stretch_section&quot;:&quot;section-stretched&quot;,&quot;background_background&quot;:&quot;classic&quot;}\">\n\t\t\t\t\t\t<div class=\"elementor-container elementor-column-gap-wider\">\n\t\t\t\t\t<div class=\"elementor-column elementor-col-100 elementor-top-column elementor-element elementor-element-1fdec5fe\" data-id=\"1fdec5fe\" data-element_type=\"column\">\n\t\t\t<div class=\"elementor-widget-wrap elementor-element-populated\">\n\t\t\t\t\t\t<section class=\"elementor-section elementor-inner-section elementor-element elementor-element-3a896229 elementor-section-content-middle elementor-reverse-mobile elementor-section-boxed elementor-section-height-default elementor-section-height-default\" data-id=\"3a896229\" data-element_type=\"section\">\n\t\t\t\t\t\t<div class=\"elementor-container elementor-column-gap-default\">\n\t\t\t\t\t<div class=\"elementor-column elementor-col-50 elementor-inner-column elementor-element elementor-element-33515f28\" data-id=\"33515f28\" data-element_type=\"column\">\n\t\t\t<div class=\"elementor-widget-wrap elementor-element-populated\">\n\t\t\t\t\t\t<div class=\"elementor-element elementor-element-3c04abb elementor-widget elementor-widget-heading\" data-id=\"3c04abb\" data-element_type=\"widget\" data-widget_type=\"heading.default\">\n\t\t\t\t<div class=\"elementor-widget-container\">\n\t\t\t\t\t<h2 class=\"elementor-heading-title elementor-size-default\"><span style=\"color:#DE502E\">Nahlaste <\/span>sv\u016fj probl\u00e9m a z\u00e1ru\u010dn\u00ed n\u00e1roky p\u0159\u00edmo v\u00fdrobci!<\/h2>\t\t\t\t<\/div>\n\t\t\t\t<\/div>\n\t\t\t\t<div class=\"elementor-element elementor-element-4fe831f elementor-widget elementor-widget-text-editor\" data-id=\"4fe831f\" data-element_type=\"widget\" data-widget_type=\"text-editor.default\">\n\t\t\t\t<div class=\"elementor-widget-container\">\n\t\t\t\t\t\t\t\t\t<p>Pro podrobnosti klikn\u011bte na tla\u010d\u00edtko n\u00ed\u017ee!<\/p>\n\t\t\t\t\t\t\t\t<\/div>\n\t\t\t\t<\/div>\n\t\t\t\t<div class=\"elementor-element elementor-element-11943c38 elementor-widget elementor-widget-button\" data-id=\"11943c38\" data-element_type=\"widget\" data-widget_type=\"button.default\">\n\t\t\t\t<div class=\"elementor-widget-container\">\n\t\t\t\t\t\t\t\t\t<div class=\"elementor-button-wrapper\">\n\t\t\t\t\t<a class=\"elementor-button elementor-button-link elementor-size-sm\" href=\"https:\/\/rma.fixit-service.com\/\" target=\"_blank\">\n\t\t\t\t\t\t<span class=\"elementor-button-content-wrapper\">\n\t\t\t\t\t\t<span class=\"elementor-button-icon\">\n\t\t\t\t<svg aria-hidden=\"true\" class=\"e-font-icon-svg e-fas-angle-down\" viewBox=\"0 0 320 512\" xmlns=\"http:\/\/www.w3.org\/2000\/svg\"><path d=\"M143 352.3L7 216.3c-9.4-9.4-9.4-24.6 0-33.9l22.6-22.6c9.4-9.4 24.6-9.4 33.9 0l96.4 96.4 96.4-96.4c9.4-9.4 24.6-9.4 33.9 0l22.6 22.6c9.4 9.4 9.4 24.6 0 33.9l-136 136c-9.2 9.4-24.4 9.4-33.8 0z\"><\/path><\/svg>\t\t\t<\/span>\n\t\t\t\t\t\t\t\t\t<span class=\"elementor-button-text\">Hl\u00e1\u0161en\u00ed o chyb\u011b<\/span>\n\t\t\t\t\t<\/span>\n\t\t\t\t\t<\/a>\n\t\t\t\t<\/div>\n\t\t\t\t\t\t\t\t<\/div>\n\t\t\t\t<\/div>\n\t\t\t\t\t<\/div>\n\t\t<\/div>\n\t\t\t\t<div class=\"elementor-column elementor-col-50 elementor-inner-column elementor-element elementor-element-295895b2\" data-id=\"295895b2\" data-element_type=\"column\">\n\t\t\t<div class=\"elementor-widget-wrap elementor-element-populated\">\n\t\t\t\t\t\t<div class=\"elementor-element elementor-element-41a12922 elementor-widget elementor-widget-image\" data-id=\"41a12922\" data-element_type=\"widget\" data-widget_type=\"image.default\">\n\t\t\t\t<div class=\"elementor-widget-container\">\n\t\t\t\t\t\t\t\t\t\t\t\t\t\t\t<img fetchpriority=\"high\" decoding=\"async\" width=\"1200\" height=\"800\" src=\"https:\/\/daewooproducts.hu\/wp-content\/uploads\/2025\/02\/fixit-bg-red2-1200x800.png\" class=\"attachment-large size-large wp-image-12370\" alt=\"\" srcset=\"https:\/\/daewooproducts.hu\/wp-content\/uploads\/2025\/02\/fixit-bg-red2-1200x800.png 1200w, https:\/\/daewooproducts.hu\/wp-content\/uploads\/2025\/02\/fixit-bg-red2-500x334.png 500w, https:\/\/daewooproducts.hu\/wp-content\/uploads\/2025\/02\/fixit-bg-red2-300x200.png 300w, https:\/\/daewooproducts.hu\/wp-content\/uploads\/2025\/02\/fixit-bg-red2-768x512.png 768w, https:\/\/daewooproducts.hu\/wp-content\/uploads\/2025\/02\/fixit-bg-red2-1536x1025.png 1536w, https:\/\/daewooproducts.hu\/wp-content\/uploads\/2025\/02\/fixit-bg-red2-112x75.png 112w, https:\/\/daewooproducts.hu\/wp-content\/uploads\/2025\/02\/fixit-bg-red2-480x320.png 480w, https:\/\/daewooproducts.hu\/wp-content\/uploads\/2025\/02\/fixit-bg-red2-800x534.png 800w, https:\/\/daewooproducts.hu\/wp-content\/uploads\/2025\/02\/fixit-bg-red2.png 1604w\" sizes=\"(max-width:767px) 480px, (max-width:1200px) 100vw, 1200px\" \/>\t\t\t\t\t\t\t\t\t\t\t\t\t\t\t<\/div>\n\t\t\t\t<\/div>\n\t\t\t\t\t<\/div>\n\t\t<\/div>\n\t\t\t\t\t<\/div>\n\t\t<\/section>\n\t\t\t\t\t<\/div>\n\t\t<\/div>\n\t\t\t\t\t<\/div>\n\t\t<\/section>\n\t\t\t\t<\/div>\n\t\t","protected":false},"excerpt":{"rendered":"<p>Servisn\u00ed st\u0159edisko OFICI\u00c1LN\u00cd SERVISN\u00cd PARTNER PRO PRODUKTY DAEWOO V MA\u010eARSKU Pobo\u010dka v Ma\u010farsku HU-3526 Miskolc, Zsolcai kapu 9-11 \/49. S\u00eddlo v Polsku 30-864 Krak\u00f3w, ul. Nad<span class=\"excerpt-hellip\"> [\u2026]<\/span><\/p>\n","protected":false},"author":1,"featured_media":0,"parent":0,"menu_order":0,"comment_status":"open","ping_status":"closed","template":"","meta":{"footnotes":""},"class_list":["post-14808","page","type-page","status-publish","hentry"],"_links":{"self":[{"href":"https:\/\/daewooproducts.hu\/cs\/wp-json\/wp\/v2\/pages\/14808","targetHints":{"allow":["GET"]}}],"collection":[{"href":"https:\/\/daewooproducts.hu\/cs\/wp-json\/wp\/v2\/pages"}],"about":[{"href":"https:\/\/daewooproducts.hu\/cs\/wp-json\/wp\/v2\/types\/page"}],"author":[{"embeddable":true,"href":"https:\/\/daewooproducts.hu\/cs\/wp-json\/wp\/v2\/users\/1"}],"replies":[{"embeddable":true,"href":"https:\/\/daewooproducts.hu\/cs\/wp-json\/wp\/v2\/comments?post=14808"}],"version-history":[{"count":1,"href":"https:\/\/daewooproducts.hu\/cs\/wp-json\/wp\/v2\/pages\/14808\/revisions"}],"predecessor-version":[{"id":14809,"href":"https:\/\/daewooproducts.hu\/cs\/wp-json\/wp\/v2\/pages\/14808\/revisions\/14809"}],"wp:attachment":[{"href":"https:\/\/daewooproducts.hu\/cs\/wp-json\/wp\/v2\/media?parent=14808"}],"curies":[{"name":"wp","href":"https:\/\/api.w.org\/{rel}","templated":true}]}}