{"id":14810,"date":"2024-10-01T15:56:57","date_gmt":"2024-10-01T13:56:57","guid":{"rendered":"https:\/\/daewooproducts.hu\/podpora\/"},"modified":"2025-06-26T18:05:23","modified_gmt":"2025-06-26T16:05:23","slug":"podpora","status":"publish","type":"page","link":"https:\/\/daewooproducts.hu\/cs\/podpora\/","title":{"rendered":"Podpora"},"content":{"rendered":"\t\t<div data-elementor-type=\"wp-page\" data-elementor-id=\"14810\" class=\"elementor elementor-14810 elementor-1844\" data-elementor-post-type=\"page\">\n\t\t\t\t\t\t<section class=\"elementor-section elementor-top-section elementor-element elementor-element-b844f74 elementor-section-stretched elementor-section-boxed elementor-section-height-default elementor-section-height-default\" data-id=\"b844f74\" data-element_type=\"section\" data-settings=\"{&quot;stretch_section&quot;:&quot;section-stretched&quot;}\">\n\t\t\t\t\t\t<div class=\"elementor-container elementor-column-gap-wider\">\n\t\t\t\t\t<div class=\"elementor-column elementor-col-100 elementor-top-column elementor-element elementor-element-5f1b1e9\" data-id=\"5f1b1e9\" data-element_type=\"column\">\n\t\t\t<div class=\"elementor-widget-wrap elementor-element-populated\">\n\t\t\t\t\t\t<section class=\"elementor-section elementor-inner-section elementor-element elementor-element-41df5f5 elementor-section-boxed elementor-section-height-default elementor-section-height-default\" data-id=\"41df5f5\" data-element_type=\"section\">\n\t\t\t\t\t\t<div class=\"elementor-container elementor-column-gap-default\">\n\t\t\t\t\t<div class=\"elementor-column elementor-col-100 elementor-inner-column elementor-element elementor-element-5dcc7a6\" data-id=\"5dcc7a6\" data-element_type=\"column\">\n\t\t\t<div class=\"elementor-widget-wrap elementor-element-populated\">\n\t\t\t\t\t\t<div class=\"elementor-element elementor-element-fff78bc elementor-widget elementor-widget-heading\" data-id=\"fff78bc\" data-element_type=\"widget\" data-widget_type=\"heading.default\">\n\t\t\t\t<div class=\"elementor-widget-container\">\n\t\t\t\t\t<h2 class=\"elementor-heading-title elementor-size-default\">Podpora<\/h2>\t\t\t\t<\/div>\n\t\t\t\t<\/div>\n\t\t\t\t\t<\/div>\n\t\t<\/div>\n\t\t\t\t\t<\/div>\n\t\t<\/section>\n\t\t\t\t<section class=\"elementor-section elementor-inner-section elementor-element elementor-element-eefd869 elementor-section-boxed elementor-section-height-default elementor-section-height-default\" data-id=\"eefd869\" data-element_type=\"section\">\n\t\t\t\t\t\t<div class=\"elementor-container elementor-column-gap-default\">\n\t\t\t\t\t<div class=\"elementor-column elementor-col-33 elementor-inner-column elementor-element elementor-element-0c10a6f\" data-id=\"0c10a6f\" data-element_type=\"column\">\n\t\t\t<div class=\"elementor-widget-wrap elementor-element-populated\">\n\t\t\t\t\t\t<div class=\"elementor-element elementor-element-5694111 elementor-position-top elementor-widget elementor-widget-image-box\" data-id=\"5694111\" data-element_type=\"widget\" data-widget_type=\"image-box.default\">\n\t\t\t\t<div class=\"elementor-widget-container\">\n\t\t\t\t\t<div class=\"elementor-image-box-wrapper\"><figure class=\"elementor-image-box-img\"><a href=\"https:\/\/daewooproducts.hu\/cs\/servis\/\" tabindex=\"-1\"><img decoding=\"async\" width=\"150\" height=\"150\" src=\"https:\/\/daewooproducts.hu\/wp-content\/uploads\/2024\/10\/b-map-punct.png\" class=\"attachment-full size-full wp-image-1851\" alt=\"\" srcset=\"https:\/\/daewooproducts.hu\/wp-content\/uploads\/2024\/10\/b-map-punct.png 150w, https:\/\/daewooproducts.hu\/wp-content\/uploads\/2024\/10\/b-map-punct-75x75.png 75w\" sizes=\"(max-width:767px) 150px, 150px\" \/><\/a><\/figure><div class=\"elementor-image-box-content\"><h4 class=\"elementor-image-box-title\"><a href=\"https:\/\/daewooproducts.hu\/cs\/servis\/\">Servisn\u00ed st\u0159edisko<\/a><\/h4><p class=\"elementor-image-box-description\">Celost\u00e1tn\u00ed servis a opravy ><\/p><\/div><\/div>\t\t\t\t<\/div>\n\t\t\t\t<\/div>\n\t\t\t\t<div class=\"elementor-element elementor-element-d39303f elementor-position-top elementor-widget elementor-widget-image-box\" data-id=\"d39303f\" data-element_type=\"widget\" data-widget_type=\"image-box.default\">\n\t\t\t\t<div class=\"elementor-widget-container\">\n\t\t\t\t\t<div class=\"elementor-image-box-wrapper\"><figure class=\"elementor-image-box-img\"><a href=\"https:\/\/daewooproducts.hu\/cs\/navod-k-pouziti\/\" tabindex=\"-1\"><img decoding=\"async\" width=\"150\" height=\"150\" src=\"https:\/\/daewooproducts.hu\/wp-content\/uploads\/2024\/10\/b-doc-img.png\" class=\"attachment-full size-full wp-image-1850\" alt=\"\" srcset=\"https:\/\/daewooproducts.hu\/wp-content\/uploads\/2024\/10\/b-doc-img.png 150w, https:\/\/daewooproducts.hu\/wp-content\/uploads\/2024\/10\/b-doc-img-75x75.png 75w\" sizes=\"(max-width:767px) 150px, 150px\" \/><\/a><\/figure><div class=\"elementor-image-box-content\"><h4 class=\"elementor-image-box-title\"><a href=\"https:\/\/daewooproducts.hu\/cs\/navod-k-pouziti\/\">N\u00e1vod k pou\u017eit\u00ed<\/a><\/h4><p class=\"elementor-image-box-description\">St\u00e1hnout n\u00e1vod k pou\u017eit\u00ed ><\/p><\/div><\/div>\t\t\t\t<\/div>\n\t\t\t\t<\/div>\n\t\t\t\t\t<\/div>\n\t\t<\/div>\n\t\t\t\t<div class=\"elementor-column elementor-col-33 elementor-inner-column elementor-element elementor-element-a0f53f1\" data-id=\"a0f53f1\" data-element_type=\"column\">\n\t\t\t<div class=\"elementor-widget-wrap elementor-element-populated\">\n\t\t\t\t\t\t<div class=\"elementor-element elementor-element-bccec2b elementor-position-top elementor-widget elementor-widget-image-box\" data-id=\"bccec2b\" data-element_type=\"widget\" data-widget_type=\"image-box.default\">\n\t\t\t\t<div class=\"elementor-widget-container\">\n\t\t\t\t\t<div class=\"elementor-image-box-wrapper\"><figure class=\"elementor-image-box-img\"><a href=\"https:\/\/daewooproducts.hu\/cs\/zarucni-registrace\/\" tabindex=\"-1\"><img decoding=\"async\" width=\"150\" height=\"150\" src=\"https:\/\/daewooproducts.hu\/wp-content\/uploads\/2024\/10\/b-XXL.png\" class=\"attachment-full size-full wp-image-1853\" alt=\"\" srcset=\"https:\/\/daewooproducts.hu\/wp-content\/uploads\/2024\/10\/b-XXL.png 150w, https:\/\/daewooproducts.hu\/wp-content\/uploads\/2024\/10\/b-XXL-75x75.png 75w\" sizes=\"(max-width:767px) 150px, 150px\" \/><\/a><\/figure><div class=\"elementor-image-box-content\"><h4 class=\"elementor-image-box-title\"><a href=\"https:\/\/daewooproducts.hu\/cs\/zarucni-registrace\/\">Prodlou\u017een\u00e1 z\u00e1ruka<\/a><\/h4><p class=\"elementor-image-box-description\">Registrace produktu ><\/p><\/div><\/div>\t\t\t\t<\/div>\n\t\t\t\t<\/div>\n\t\t\t\t<div class=\"elementor-element elementor-element-ee55d38 elementor-position-top elementor-widget elementor-widget-image-box\" data-id=\"ee55d38\" data-element_type=\"widget\" data-widget_type=\"image-box.default\">\n\t\t\t\t<div class=\"elementor-widget-container\">\n\t\t\t\t\t<div class=\"elementor-image-box-wrapper\"><figure class=\"elementor-image-box-img\"><a href=\"https:\/\/daewooproducts.hu\/cs\/kde-koupit-2\/\" tabindex=\"-1\"><img loading=\"lazy\" decoding=\"async\" width=\"150\" height=\"150\" src=\"https:\/\/daewooproducts.hu\/wp-content\/uploads\/2024\/10\/b-shield.png\" class=\"attachment-full size-full wp-image-1852\" alt=\"\" srcset=\"https:\/\/daewooproducts.hu\/wp-content\/uploads\/2024\/10\/b-shield.png 150w, https:\/\/daewooproducts.hu\/wp-content\/uploads\/2024\/10\/b-shield-75x75.png 75w\" sizes=\"(max-width:767px) 150px, 150px\" \/><\/a><\/figure><div class=\"elementor-image-box-content\"><h4 class=\"elementor-image-box-title\"><a href=\"https:\/\/daewooproducts.hu\/cs\/kde-koupit-2\/\">Podm\u00ednky a pravidla<\/a><\/h4><p class=\"elementor-image-box-description\">V\u00edce ><\/p><\/div><\/div>\t\t\t\t<\/div>\n\t\t\t\t<\/div>\n\t\t\t\t\t<\/div>\n\t\t<\/div>\n\t\t\t\t<div class=\"elementor-column elementor-col-33 elementor-inner-column elementor-element elementor-element-8b81234\" data-id=\"8b81234\" data-element_type=\"column\">\n\t\t\t<div class=\"elementor-widget-wrap elementor-element-populated\">\n\t\t\t\t\t\t<div class=\"elementor-element elementor-element-70c4c78 elementor-position-top elementor-widget elementor-widget-image-box\" data-id=\"70c4c78\" data-element_type=\"widget\" data-widget_type=\"image-box.default\">\n\t\t\t\t<div class=\"elementor-widget-container\">\n\t\t\t\t\t<div class=\"elementor-image-box-wrapper\"><figure class=\"elementor-image-box-img\"><a href=\"https:\/\/daewooproducts.hu\/cs\/pokyny-pro-udrzbu\/\" tabindex=\"-1\"><img loading=\"lazy\" decoding=\"async\" width=\"150\" height=\"150\" src=\"https:\/\/daewooproducts.hu\/wp-content\/uploads\/2024\/10\/b-calendar.png\" class=\"attachment-full size-full wp-image-1849\" alt=\"\" srcset=\"https:\/\/daewooproducts.hu\/wp-content\/uploads\/2024\/10\/b-calendar.png 150w, https:\/\/daewooproducts.hu\/wp-content\/uploads\/2024\/10\/b-calendar-75x75.png 75w\" sizes=\"(max-width:767px) 150px, 150px\" \/><\/a><\/figure><div class=\"elementor-image-box-content\"><h4 class=\"elementor-image-box-title\"><a href=\"https:\/\/daewooproducts.hu\/cs\/pokyny-pro-udrzbu\/\">Pokyny pro \u00fadr\u017ebu<\/a><\/h4><p class=\"elementor-image-box-description\">V\u00edce ><\/p><\/div><\/div>\t\t\t\t<\/div>\n\t\t\t\t<\/div>\n\t\t\t\t<div class=\"elementor-element elementor-element-41f9829 elementor-position-top elementor-widget elementor-widget-image-box\" data-id=\"41f9829\" data-element_type=\"widget\" data-widget_type=\"image-box.default\">\n\t\t\t\t<div class=\"elementor-widget-container\">\n\t\t\t\t\t<div class=\"elementor-image-box-wrapper\"><figure class=\"elementor-image-box-img\"><a href=\"https:\/\/daewooproducts.hu\/cs\/propagace\/\" tabindex=\"-1\"><img loading=\"lazy\" decoding=\"async\" width=\"150\" height=\"150\" src=\"https:\/\/daewooproducts.hu\/wp-content\/uploads\/2024\/10\/b-book-img.png\" class=\"attachment-full size-full wp-image-1848\" alt=\"\" srcset=\"https:\/\/daewooproducts.hu\/wp-content\/uploads\/2024\/10\/b-book-img.png 150w, https:\/\/daewooproducts.hu\/wp-content\/uploads\/2024\/10\/b-book-img-75x75.png 75w\" sizes=\"(max-width:767px) 150px, 150px\" \/><\/a><\/figure><div class=\"elementor-image-box-content\"><h4 class=\"elementor-image-box-title\"><a href=\"https:\/\/daewooproducts.hu\/cs\/propagace\/\">Propaga\u010dn\u00ed materi\u00e1ly<\/a><\/h4><p class=\"elementor-image-box-description\">St\u00e1hnout ><\/p><\/div><\/div>\t\t\t\t<\/div>\n\t\t\t\t<\/div>\n\t\t\t\t\t<\/div>\n\t\t<\/div>\n\t\t\t\t\t<\/div>\n\t\t<\/section>\n\t\t\t\t\t<\/div>\n\t\t<\/div>\n\t\t\t\t\t<\/div>\n\t\t<\/section>\n\t\t\t\t<\/div>\n\t\t","protected":false},"excerpt":{"rendered":"<p>Podpora Servisn\u00ed st\u0159edisko Celost\u00e1tn\u00ed servis a opravy > N\u00e1vod k pou\u017eit\u00ed St\u00e1hnout n\u00e1vod k pou\u017eit\u00ed > Prodlou\u017een\u00e1 z\u00e1ruka Registrace produktu > Podm\u00ednky a pravidla V\u00edce ><span class=\"excerpt-hellip\"> [\u2026]<\/span><\/p>\n","protected":false},"author":1,"featured_media":0,"parent":0,"menu_order":0,"comment_status":"open","ping_status":"closed","template":"","meta":{"footnotes":""},"class_list":["post-14810","page","type-page","status-publish","hentry"],"_links":{"self":[{"href":"https:\/\/daewooproducts.hu\/cs\/wp-json\/wp\/v2\/pages\/14810","targetHints":{"allow":["GET"]}}],"collection":[{"href":"https:\/\/daewooproducts.hu\/cs\/wp-json\/wp\/v2\/pages"}],"about":[{"href":"https:\/\/daewooproducts.hu\/cs\/wp-json\/wp\/v2\/types\/page"}],"author":[{"embeddable":true,"href":"https:\/\/daewooproducts.hu\/cs\/wp-json\/wp\/v2\/users\/1"}],"replies":[{"embeddable":true,"href":"https:\/\/daewooproducts.hu\/cs\/wp-json\/wp\/v2\/comments?post=14810"}],"version-history":[{"count":1,"href":"https:\/\/daewooproducts.hu\/cs\/wp-json\/wp\/v2\/pages\/14810\/revisions"}],"predecessor-version":[{"id":14811,"href":"https:\/\/daewooproducts.hu\/cs\/wp-json\/wp\/v2\/pages\/14810\/revisions\/14811"}],"wp:attachment":[{"href":"https:\/\/daewooproducts.hu\/cs\/wp-json\/wp\/v2\/media?parent=14810"}],"curies":[{"name":"wp","href":"https:\/\/api.w.org\/{rel}","templated":true}]}}