{"id":14866,"date":"2025-04-02T15:55:42","date_gmt":"2025-04-02T13:55:42","guid":{"rendered":"https:\/\/daewooproducts.hu\/?post_type=product&#038;p=14866"},"modified":"2025-07-20T22:36:49","modified_gmt":"2025-07-20T20:36:49","slug":"di-wc70l-chladnicka-na-vino-28","status":"publish","type":"product","link":"https:\/\/daewooproducts.hu\/cs\/product\/di-wc70l-chladnicka-na-vino-28\/","title":{"rendered":"DI-WC70L Chladni\u010dka na v\u00edno 28"},"content":{"rendered":"\t\t<div data-elementor-type=\"wp-post\" data-elementor-id=\"14866\" class=\"elementor elementor-14866 elementor-5281\" data-elementor-post-type=\"product\">\n\t\t\t\t<div class=\"elementor-element elementor-element-c553eda e-grid e-con-boxed e-con e-parent\" data-id=\"c553eda\" data-element_type=\"container\">\n\t\t\t\t\t<div class=\"e-con-inner\">\n\t\t\t\t<div class=\"elementor-element elementor-element-e3fc575 elementor-widget elementor-widget-video\" data-id=\"e3fc575\" data-element_type=\"widget\" data-settings=\"{&quot;youtube_url&quot;:&quot;https:\\\/\\\/www.youtube.com\\\/watch?v=XHOmBV4js_E&quot;,&quot;video_type&quot;:&quot;youtube&quot;,&quot;controls&quot;:&quot;yes&quot;}\" data-widget_type=\"video.default\">\n\t\t\t\t<div class=\"elementor-widget-container\">\n\t\t\t\t\t\t\t<div class=\"elementor-wrapper elementor-open-inline\">\n\t\t\t<div class=\"elementor-video\"><\/div>\t\t<\/div>\n\t\t\t\t\t\t<\/div>\n\t\t\t\t<\/div>\n\t\t\t\t\t<\/div>\n\t\t\t\t<\/div>\n\t\t\t\t<\/div>\n\t\t","protected":false},"excerpt":{"rendered":"<p>&nbsp;<\/p>\n<table>\n<tbody>\n<tr>\n<td>\n<h6 style=\"text-align: left;\"><em><strong>Skladovateln\u00e9 l\u00e1hve<\/strong><\/em><\/h6>\n<\/td>\n<td>\n<h6 style=\"text-align: right;\"><em>28 ks <\/em><\/h6>\n<\/td>\n<\/tr>\n<tr>\n<td>\n<h6 style=\"text-align: left;\"><em><strong>Po\u010det polic<\/strong><\/em><\/h6>\n<\/td>\n<td style=\"text-align: right;\">\n<h6><em>6<\/em><\/h6>\n<\/td>\n<\/tr>\n<tr>\n<td>\n<h6 style=\"text-align: left;\"><em><strong>Obsah prostoru<\/strong><\/em><\/h6>\n<\/td>\n<td style=\"text-align: right;\">\n<h6><em>70 L<\/em><\/h6>\n<\/td>\n<\/tr>\n<tr>\n<td>\n<h6 style=\"text-align: left;\"><b><i>Barva<\/i><\/b><\/h6>\n<\/td>\n<td style=\"text-align: right;\">\n<h6><em>\u010cern\u00e1<\/em><\/h6>\n<\/td>\n<\/tr>\n<\/tbody>\n<\/table>\n<div class=\"button_align align_center\"><a class=\"button  button_left button_size_1\" href=\"\/hol-kaphato\/\"     style=\"color:black;\" target=\"_blank\"    title=\"\"><span class=\"button_icon\"><i class=\"icon-shop-line\"  style=\"color:black!important;\" aria-hidden=\"true\"><\/i><\/span><span class=\"button_label\"> Kde koupit?<\/span><\/a><\/div>\n\n<span class=\"tooltip tooltip-txt\" data-tooltip=\"Garancia\" data-position=\"top\"><a href=\"\/garancia\/\" aria-label=\"button with icon\" class=\"icon_bar \" target=\"_blank\"><span class=\"t\"><i class=\"icon-angellist\"><\/i><\/span><span class=\"b\"><i class=\"icon-angellist\"><\/i><\/span><\/a>\n<\/span>\n\n<span class=\"tooltip tooltip-txt\" data-tooltip=\"Szerviz\" data-position=\"top\"><a href=\"\/szerviz\/\" aria-label=\"button with icon\" class=\"icon_bar \" target=\"_blank\"><span class=\"t\"><i class=\"icon-cog-line\"><\/i><\/span><span class=\"b\"><i class=\"icon-cog-line\"><\/i><\/span><\/a>\n<\/span>\n\n<span class=\"tooltip tooltip-txt\" data-tooltip=\"Haszn\u00e1lati \u00fatmutat\u00f3\" data-position=\"top\"><a href=\"\/hasznalati-utmutato\/\" aria-label=\"button with icon\" class=\"icon_bar \" target=\"_blank\"><span class=\"t\"><i class=\"icon-doc-line\"><\/i><\/span><span class=\"b\"><i class=\"icon-doc-line\"><\/i><\/span><\/a>\n<\/span>\n\n","protected":false},"featured_media":14642,"comment_status":"open","ping_status":"closed","template":"","meta":[],"product_brand":[],"product_cat":[210,211,209],"product_tag":[212,213],"class_list":{"0":"post-14866","1":"product","2":"type-product","3":"status-publish","4":"has-post-thumbnail","6":"product_cat-domacnost","7":"product_cat-konyha-cs","8":"product_cat-osszes-termek-cs","9":"product_tag-probacimke1-cs","10":"product_tag-probacimke2-cs","12":"first","13":"instock","14":"shipping-taxable","15":"product-type-simple"},"_links":{"self":[{"href":"https:\/\/daewooproducts.hu\/cs\/wp-json\/wp\/v2\/product\/14866","targetHints":{"allow":["GET"]}}],"collection":[{"href":"https:\/\/daewooproducts.hu\/cs\/wp-json\/wp\/v2\/product"}],"about":[{"href":"https:\/\/daewooproducts.hu\/cs\/wp-json\/wp\/v2\/types\/product"}],"replies":[{"embeddable":true,"href":"https:\/\/daewooproducts.hu\/cs\/wp-json\/wp\/v2\/comments?post=14866"}],"version-history":[{"count":3,"href":"https:\/\/daewooproducts.hu\/cs\/wp-json\/wp\/v2\/product\/14866\/revisions"}],"predecessor-version":[{"id":14871,"href":"https:\/\/daewooproducts.hu\/cs\/wp-json\/wp\/v2\/product\/14866\/revisions\/14871"}],"wp:featuredmedia":[{"embeddable":true,"href":"https:\/\/daewooproducts.hu\/cs\/wp-json\/wp\/v2\/media\/14642"}],"wp:attachment":[{"href":"https:\/\/daewooproducts.hu\/cs\/wp-json\/wp\/v2\/media?parent=14866"}],"wp:term":[{"taxonomy":"product_brand","embeddable":true,"href":"https:\/\/daewooproducts.hu\/cs\/wp-json\/wp\/v2\/product_brand?post=14866"},{"taxonomy":"product_cat","embeddable":true,"href":"https:\/\/daewooproducts.hu\/cs\/wp-json\/wp\/v2\/product_cat?post=14866"},{"taxonomy":"product_tag","embeddable":true,"href":"https:\/\/daewooproducts.hu\/cs\/wp-json\/wp\/v2\/product_tag?post=14866"}],"curies":[{"name":"wp","href":"https:\/\/api.w.org\/{rel}","templated":true}]}}