{"id":14872,"date":"2025-04-02T14:37:23","date_gmt":"2025-04-02T12:37:23","guid":{"rendered":"https:\/\/daewooproducts.hu\/product\/dfp-732-multifunkcni-robot-600w\/"},"modified":"2025-07-20T22:42:25","modified_gmt":"2025-07-20T20:42:25","slug":"dfp-732-multifunkcni-robot-600w","status":"publish","type":"product","link":"https:\/\/daewooproducts.hu\/cs\/product\/dfp-732-multifunkcni-robot-600w\/","title":{"rendered":"DFP-732 Multifunk\u010dn\u00ed robot 600W"},"content":{"rendered":"","protected":false},"excerpt":{"rendered":"<p>&nbsp;<\/p>\n<table>\n<tbody>\n<tr>\n<td>\n<h6 style=\"text-align: left;\"><em><strong>Nap\u00e1jen\u00ed<\/strong><\/em><\/h6>\n<\/td>\n<td>\n<h6 style=\"text-align: right;\"><em>600 W <\/em><\/h6>\n<\/td>\n<\/tr>\n<tr>\n<td>\n<h6 style=\"text-align: left;\"><em><strong>Protiskluzov\u00e1 podr\u00e1\u017eka<\/strong><\/em><\/h6>\n<\/td>\n<td style=\"text-align: right;\">\n<h6><em>Ano<\/em><\/h6>\n<\/td>\n<\/tr>\n<tr>\n<td>\n<h6 style=\"text-align: left;\"><em><strong>Hmotnost<\/strong><\/em><\/h6>\n<\/td>\n<td style=\"text-align: right;\">\n<h6><em>1 kg<\/em><\/h6>\n<\/td>\n<\/tr>\n<tr>\n<td>\n<h6 style=\"text-align: left;\"><em><strong>Rozm\u011bry<\/strong><\/em><\/h6>\n<\/td>\n<td style=\"text-align: right;\">\n<h6><em>23*36*20 cm<\/em><\/h6>\n<\/td>\n<\/tr>\n<\/tbody>\n<\/table>\n<div class=\"button_align align_center\"><a class=\"button  button_left button_size_1\" href=\"\/hol-kaphato\/\"     style=\"color:black;\" target=\"_blank\"    title=\"\"><span class=\"button_icon\"><i class=\"icon-shop-line\"  style=\"color:black!important;\" aria-hidden=\"true\"><\/i><\/span><span class=\"button_label\"> Kde koupit?<\/span><\/a><\/div>\n\n<span class=\"tooltip tooltip-txt\" data-tooltip=\"Garancia\" data-position=\"top\"><a href=\"\/garancia\/\" aria-label=\"button with icon\" class=\"icon_bar \" target=\"_blank\"><span class=\"t\"><i class=\"icon-angellist\"><\/i><\/span><span class=\"b\"><i class=\"icon-angellist\"><\/i><\/span><\/a>\n<\/span>\n\n<span class=\"tooltip tooltip-txt\" data-tooltip=\"Szerviz\" data-position=\"top\"><a href=\"\/szerviz\/\" aria-label=\"button with icon\" class=\"icon_bar \" target=\"_blank\"><span class=\"t\"><i class=\"icon-cog-line\"><\/i><\/span><span class=\"b\"><i class=\"icon-cog-line\"><\/i><\/span><\/a>\n<\/span>\n\n<span class=\"tooltip tooltip-txt\" data-tooltip=\"Haszn\u00e1lati \u00fatmutat\u00f3\" data-position=\"top\"><a href=\"\/hasznalati-utmutato\/\" aria-label=\"button with icon\" class=\"icon_bar \" target=\"_blank\"><span class=\"t\"><i class=\"icon-doc-line\"><\/i><\/span><span class=\"b\"><i class=\"icon-doc-line\"><\/i><\/span><\/a>\n<\/span>\n\n","protected":false},"featured_media":5246,"comment_status":"open","ping_status":"closed","template":"","meta":[],"product_brand":[],"product_cat":[210,211,209],"product_tag":[212,213],"class_list":{"0":"post-14872","1":"product","2":"type-product","3":"status-publish","4":"has-post-thumbnail","6":"product_cat-domacnost","7":"product_cat-konyha-cs","8":"product_cat-osszes-termek-cs","9":"product_tag-probacimke1-cs","10":"product_tag-probacimke2-cs","12":"first","13":"instock","14":"shipping-taxable","15":"product-type-simple"},"_links":{"self":[{"href":"https:\/\/daewooproducts.hu\/cs\/wp-json\/wp\/v2\/product\/14872","targetHints":{"allow":["GET"]}}],"collection":[{"href":"https:\/\/daewooproducts.hu\/cs\/wp-json\/wp\/v2\/product"}],"about":[{"href":"https:\/\/daewooproducts.hu\/cs\/wp-json\/wp\/v2\/types\/product"}],"replies":[{"embeddable":true,"href":"https:\/\/daewooproducts.hu\/cs\/wp-json\/wp\/v2\/comments?post=14872"}],"version-history":[{"count":1,"href":"https:\/\/daewooproducts.hu\/cs\/wp-json\/wp\/v2\/product\/14872\/revisions"}],"predecessor-version":[{"id":14873,"href":"https:\/\/daewooproducts.hu\/cs\/wp-json\/wp\/v2\/product\/14872\/revisions\/14873"}],"wp:featuredmedia":[{"embeddable":true,"href":"https:\/\/daewooproducts.hu\/cs\/wp-json\/wp\/v2\/media\/5246"}],"wp:attachment":[{"href":"https:\/\/daewooproducts.hu\/cs\/wp-json\/wp\/v2\/media?parent=14872"}],"wp:term":[{"taxonomy":"product_brand","embeddable":true,"href":"https:\/\/daewooproducts.hu\/cs\/wp-json\/wp\/v2\/product_brand?post=14872"},{"taxonomy":"product_cat","embeddable":true,"href":"https:\/\/daewooproducts.hu\/cs\/wp-json\/wp\/v2\/product_cat?post=14872"},{"taxonomy":"product_tag","embeddable":true,"href":"https:\/\/daewooproducts.hu\/cs\/wp-json\/wp\/v2\/product_tag?post=14872"}],"curies":[{"name":"wp","href":"https:\/\/api.w.org\/{rel}","templated":true}]}}